{"id":2,"date":"2019-12-05T11:27:48","date_gmt":"2019-12-05T11:27:48","guid":{"rendered":"http:\/\/bienenmann.net\/?page_id=2"},"modified":"2021-09-13T09:07:01","modified_gmt":"2021-09-13T07:07:01","slug":"sample-page","status":"publish","type":"page","link":"https:\/\/bienenmann.net\/en\/","title":{"rendered":"Willkommen"},"content":{"rendered":"\n<p><\/p>\n\n\n\n<figure class=\"wp-block-video aligncenter\"><video height=\"1080\" style=\"aspect-ratio: 1920 \/ 1080;\" width=\"1920\" controls loop muted src=\"https:\/\/bienenmann.net\/wp-content\/uploads\/2021\/09\/VID_20210911_143713.mp4\" playsinline><\/video><\/figure>\n\n\n\n<p>Im Oktober 2018 habe ich mich, blau\u00e4ugig wie ich bin, f\u00fcr den Ganzjahreskurs &#8220;Imkern auf Probe&#8221; im <a href=\"https:\/\/www.imkerverein-marienburg.de\/\">Imkerverein Marienburg e.V.&nbsp;<\/a>angemeldet.<br><br>So wirklich hatte ich keine Ahnung und Vorstellung davon, was ich nun eigentlich dort mache und was mich erwartet.<br>Das Interesse an Bienen und Imkern war weder gro\u00df, noch \u00fcber Jahre gewachsen&#8230;.es war eher eine wilde Idee&#8230;<br><br>Dennoch war die Neugier gro\u00df und die nach und nach durchgef\u00fchrten &#8220;Arbeiten&#8221; und Kurse waren spannend, informativ aber doch auch fordernd und teilweise anspruchsvoll.<br><br>So verging das Jahr wie im Fluge und am Ende standen dann pl\u00f6tzlich 4 Bienenv\u00f6lker in meinem Garten und der erste Honig in meinem Keller.<\/p>\n<p>Wir werden sehen, was die Zukunft bringt, aber bisher habe ich diesen Schritt nicht bereut&#8230;.<\/p>\n","protected":false},"excerpt":{"rendered":"<p>Im Oktober 2018 habe ich mich, blau\u00e4ugig wie ich bin, f\u00fcr den Ganzjahreskurs &#8220;Imkern auf Probe&#8221; im Imkerverein Marienburg e.V.&nbsp;angemeldet. So wirklich hatte ich keine Ahnung und Vorstellung davon, was ich nun eigentlich dort mache und was mich erwartet.Das Interesse an Bienen und Imkern war weder gro\u00df, noch \u00fcber Jahre gewachsen&#8230;.es war eher eine wilde Idee&#8230; Dennoch war die Neugier gro\u00df und die nach und nach durchgef\u00fchrten &#8220;Arbeiten&#8221; und Kurse waren spannend, informativ aber doch auch fordernd und teilweise anspruchsvoll&#8230;.<\/p>\n<p class=\"read-more\"><a class=\"btn btn-default\" href=\"https:\/\/bienenmann.net\/en\/\"> Read More<span class=\"screen-reader-text\">  Read More<\/span><\/a><\/p>\n","protected":false},"author":1,"featured_media":0,"parent":0,"menu_order":0,"comment_status":"closed","ping_status":"open","template":"","meta":{"ngg_post_thumbnail":0,"footnotes":""},"class_list":["post-2","page","type-page","status-publish","hentry"],"translation":{"provider":"WPGlobus","version":"3.0.1","language":"en","enabled_languages":["de","en"],"languages":{"de":{"title":true,"content":true,"excerpt":false},"en":{"title":false,"content":false,"excerpt":false}}},"yoast_head":"<!-- This site is optimized with the Yoast SEO plugin v26.7 - https:\/\/yoast.com\/wordpress\/plugins\/seo\/ -->\n<title>Willkommen - bienenmann.net<\/title>\n<meta name=\"robots\" content=\"index, follow, max-snippet:-1, max-image-preview:large, max-video-preview:-1\" \/>\n<link rel=\"canonical\" href=\"https:\/\/bienenmann.net\/\" \/>\n<meta property=\"og:locale\" content=\"en_US\" \/>\n<meta property=\"og:type\" content=\"article\" \/>\n<meta property=\"og:title\" content=\"Willkommen - bienenmann.net\" \/>\n<meta property=\"og:url\" content=\"https:\/\/bienenmann.net\/\" \/>\n<meta property=\"og:site_name\" content=\"bienenmann.net\" \/>\n<meta property=\"article:modified_time\" content=\"2021-09-13T07:07:01+00:00\" \/>\n<meta name=\"twitter:card\" content=\"summary_large_image\" \/>\n<meta name=\"twitter:label1\" content=\"Est. reading time\" \/>\n\t<meta name=\"twitter:data1\" content=\"1 minute\" \/>\n<script type=\"application\/ld+json\" class=\"yoast-schema-graph\">{\"@context\":\"https:\/\/schema.org\",\"@graph\":[{\"@type\":\"WebPage\",\"@id\":\"https:\/\/bienenmann.net\/\",\"url\":\"https:\/\/bienenmann.net\/\",\"name\":\"Willkommen - bienenmann.net\",\"isPartOf\":{\"@id\":\"https:\/\/bienenmann.net\/#website\"},\"datePublished\":\"2019-12-05T11:27:48+00:00\",\"dateModified\":\"2021-09-13T07:07:01+00:00\",\"breadcrumb\":{\"@id\":\"https:\/\/bienenmann.net\/#breadcrumb\"},\"inLanguage\":\"en-US\",\"potentialAction\":[{\"@type\":\"ReadAction\",\"target\":[\"https:\/\/bienenmann.net\/\"]}]},{\"@type\":\"BreadcrumbList\",\"@id\":\"https:\/\/bienenmann.net\/#breadcrumb\",\"itemListElement\":[{\"@type\":\"ListItem\",\"position\":1,\"name\":\"Startseite\",\"item\":\"https:\/\/bienenmann.net\/\"},{\"@type\":\"ListItem\",\"position\":2,\"name\":\"Willkommen\"}]},{\"@type\":\"WebSite\",\"@id\":\"https:\/\/bienenmann.net\/#website\",\"url\":\"https:\/\/bienenmann.net\/\",\"name\":\"bienenmann.net\",\"description\":\"Der Imker aus Wesseln\",\"potentialAction\":[{\"@type\":\"SearchAction\",\"target\":{\"@type\":\"EntryPoint\",\"urlTemplate\":\"https:\/\/bienenmann.net\/?s={search_term_string}\"},\"query-input\":{\"@type\":\"PropertyValueSpecification\",\"valueRequired\":true,\"valueName\":\"search_term_string\"}}],\"inLanguage\":\"en-US\"}]}<\/script>\n<!-- \/ Yoast SEO plugin. -->","yoast_head_json":{"title":"Willkommen - bienenmann.net","robots":{"index":"index","follow":"follow","max-snippet":"max-snippet:-1","max-image-preview":"max-image-preview:large","max-video-preview":"max-video-preview:-1"},"canonical":"https:\/\/bienenmann.net\/","og_locale":"en_US","og_type":"article","og_title":"Willkommen - bienenmann.net","og_url":"https:\/\/bienenmann.net\/","og_site_name":"bienenmann.net","article_modified_time":"2021-09-13T07:07:01+00:00","twitter_card":"summary_large_image","twitter_misc":{"Est. reading time":"1 minute"},"schema":{"@context":"https:\/\/schema.org","@graph":[{"@type":"WebPage","@id":"https:\/\/bienenmann.net\/","url":"https:\/\/bienenmann.net\/","name":"Willkommen - bienenmann.net","isPartOf":{"@id":"https:\/\/bienenmann.net\/#website"},"datePublished":"2019-12-05T11:27:48+00:00","dateModified":"2021-09-13T07:07:01+00:00","breadcrumb":{"@id":"https:\/\/bienenmann.net\/#breadcrumb"},"inLanguage":"en-US","potentialAction":[{"@type":"ReadAction","target":["https:\/\/bienenmann.net\/"]}]},{"@type":"BreadcrumbList","@id":"https:\/\/bienenmann.net\/#breadcrumb","itemListElement":[{"@type":"ListItem","position":1,"name":"Startseite","item":"https:\/\/bienenmann.net\/"},{"@type":"ListItem","position":2,"name":"Willkommen"}]},{"@type":"WebSite","@id":"https:\/\/bienenmann.net\/#website","url":"https:\/\/bienenmann.net\/","name":"bienenmann.net","description":"Der Imker aus Wesseln","potentialAction":[{"@type":"SearchAction","target":{"@type":"EntryPoint","urlTemplate":"https:\/\/bienenmann.net\/?s={search_term_string}"},"query-input":{"@type":"PropertyValueSpecification","valueRequired":true,"valueName":"search_term_string"}}],"inLanguage":"en-US"}]}},"_links":{"self":[{"href":"https:\/\/bienenmann.net\/en\/wp-json\/wp\/v2\/pages\/2","targetHints":{"allow":["GET"]}}],"collection":[{"href":"https:\/\/bienenmann.net\/en\/wp-json\/wp\/v2\/pages"}],"about":[{"href":"https:\/\/bienenmann.net\/en\/wp-json\/wp\/v2\/types\/page"}],"author":[{"embeddable":true,"href":"https:\/\/bienenmann.net\/en\/wp-json\/wp\/v2\/users\/1"}],"replies":[{"embeddable":true,"href":"https:\/\/bienenmann.net\/en\/wp-json\/wp\/v2\/comments?post=2"}],"version-history":[{"count":8,"href":"https:\/\/bienenmann.net\/en\/wp-json\/wp\/v2\/pages\/2\/revisions"}],"predecessor-version":[{"id":187,"href":"https:\/\/bienenmann.net\/en\/wp-json\/wp\/v2\/pages\/2\/revisions\/187"}],"wp:attachment":[{"href":"https:\/\/bienenmann.net\/en\/wp-json\/wp\/v2\/media?parent=2"}],"curies":[{"name":"wp","href":"https:\/\/api.w.org\/{rel}","templated":true}]}}